{"id":1811,"date":"2025-10-22T11:06:42","date_gmt":"2025-10-22T16:06:42","guid":{"rendered":"https:\/\/importecnical.com\/sitio\/?page_id=1811"},"modified":"2025-11-07T17:51:31","modified_gmt":"2025-11-07T22:51:31","slug":"blog","status":"publish","type":"page","link":"https:\/\/importecnical.com\/sitio\/blog\/","title":{"rendered":"BLOG"},"content":{"rendered":"\t\t<div data-elementor-type=\"wp-page\" data-elementor-id=\"1811\" class=\"elementor elementor-1811\" data-elementor-settings=\"{&quot;ha_cmc_init_switcher&quot;:&quot;no&quot;}\" data-elementor-post-type=\"page\">\n\t\t\t\t<div class=\"elementor-element elementor-element-47e3189 e-flex e-con-boxed e-con e-parent\" data-id=\"47e3189\" data-element_type=\"container\" data-e-type=\"container\" data-settings=\"{&quot;background_background&quot;:&quot;classic&quot;,&quot;_ha_eqh_enable&quot;:false}\">\n\t\t\t\t\t<div class=\"e-con-inner\">\n\t\t\t\t<div class=\"elementor-element elementor-element-657ac67 elementor-widget elementor-widget-heading\" data-id=\"657ac67\" data-element_type=\"widget\" data-e-type=\"widget\" data-widget_type=\"heading.default\">\n\t\t\t\t<div class=\"elementor-widget-container\">\n\t\t\t\t\t<h2 class=\"elementor-heading-title elementor-size-default\">BLOG<\/h2>\t\t\t\t<\/div>\n\t\t\t\t<\/div>\n\t\t\t\t\t<\/div>\n\t\t\t\t<\/div>\n\t\t<div class=\"elementor-element elementor-element-aa5a180 e-flex e-con-boxed e-con e-parent\" data-id=\"aa5a180\" data-element_type=\"container\" data-e-type=\"container\" data-settings=\"{&quot;_ha_eqh_enable&quot;:false}\">\n\t\t\t\t\t<div class=\"e-con-inner\">\n\t\t\t\t<div class=\"elementor-element elementor-element-3c09da6 elementor-grid-3 elementor-grid-tablet-2 elementor-grid-mobile-1 elementor-posts--thumbnail-top elementor-card-shadow-yes elementor-posts__hover-gradient elementor-widget elementor-widget-posts\" data-id=\"3c09da6\" data-element_type=\"widget\" data-e-type=\"widget\" data-settings=\"{&quot;cards_columns&quot;:&quot;3&quot;,&quot;cards_columns_tablet&quot;:&quot;2&quot;,&quot;cards_columns_mobile&quot;:&quot;1&quot;,&quot;cards_row_gap&quot;:{&quot;unit&quot;:&quot;px&quot;,&quot;size&quot;:35,&quot;sizes&quot;:[]},&quot;cards_row_gap_tablet&quot;:{&quot;unit&quot;:&quot;px&quot;,&quot;size&quot;:&quot;&quot;,&quot;sizes&quot;:[]},&quot;cards_row_gap_mobile&quot;:{&quot;unit&quot;:&quot;px&quot;,&quot;size&quot;:&quot;&quot;,&quot;sizes&quot;:[]}}\" data-widget_type=\"posts.cards\">\n\t\t\t\t<div class=\"elementor-widget-container\">\n\t\t\t\t\t\t\t<div class=\"elementor-posts-container elementor-posts elementor-posts--skin-cards elementor-grid\" role=\"list\">\n\t\t\t\t<article class=\"elementor-post elementor-grid-item post-2110 post type-post status-publish format-standard has-post-thumbnail hentry category-sin-categoria\" role=\"listitem\">\n\t\t\t<div class=\"elementor-post__card\">\n\t\t\t\t<a class=\"elementor-post__thumbnail__link\" href=\"https:\/\/importecnical.com\/sitio\/materiales-y-equipos-de-laboratorio-guia-completa-para-elegir-correctamente-en-colombia\/\" tabindex=\"-1\" ><div class=\"elementor-post__thumbnail\"><img fetchpriority=\"high\" decoding=\"async\" width=\"1200\" height=\"900\" src=\"https:\/\/importecnical.com\/sitio\/wp-content\/uploads\/2026\/04\/27_11zon.jpg\" class=\"attachment-full size-full wp-image-2117\" alt=\"\" srcset=\"https:\/\/importecnical.com\/sitio\/wp-content\/uploads\/2026\/04\/27_11zon.jpg 1200w, https:\/\/importecnical.com\/sitio\/wp-content\/uploads\/2026\/04\/27_11zon-300x225.jpg 300w, https:\/\/importecnical.com\/sitio\/wp-content\/uploads\/2026\/04\/27_11zon-1024x768.jpg 1024w, https:\/\/importecnical.com\/sitio\/wp-content\/uploads\/2026\/04\/27_11zon-768x576.jpg 768w\" sizes=\"(max-width: 1200px) 100vw, 1200px\" \/><\/div><\/a>\n\t\t\t\t<div class=\"elementor-post__text\">\n\t\t\t\t<h3 class=\"elementor-post__title\">\n\t\t\t<a href=\"https:\/\/importecnical.com\/sitio\/materiales-y-equipos-de-laboratorio-guia-completa-para-elegir-correctamente-en-colombia\/\" >\n\t\t\t\tMateriales y equipos de laboratorio: gu\u00eda completa para elegir correctamente en Colombia\t\t\t<\/a>\n\t\t<\/h3>\n\t\t\t\t<div class=\"elementor-post__excerpt\">\n\t\t\t<p>Elegir correctamente los materiales y equipos de laboratorio es clave para garantizar resultados confiables en procesos de investigaci\u00f3n, control de calidad y an\u00e1lisis qu\u00edmico.\u00a0 Desde la vidrier\u00eda b\u00e1sica hasta equipos<\/p>\n\t\t<\/div>\n\t\t\t\t\t<div class=\"elementor-post__read-more-wrapper\">\n\t\t\n\t\t<a class=\"elementor-post__read-more\" href=\"https:\/\/importecnical.com\/sitio\/materiales-y-equipos-de-laboratorio-guia-completa-para-elegir-correctamente-en-colombia\/\" aria-label=\"Read more about Materiales y equipos de laboratorio: gu\u00eda completa para elegir correctamente en Colombia\" tabindex=\"-1\" >\n\t\t\tVer m\u00e1s\t\t<\/a>\n\n\t\t\t\t\t<\/div>\n\t\t\t\t<\/div>\n\t\t\t\t<div class=\"elementor-post__meta-data\">\n\t\t\t\t\t<span class=\"elementor-post-date\">\n\t\t\t28 abril, 2026\t\t<\/span>\n\t\t\t\t<\/div>\n\t\t\t\t\t<\/div>\n\t\t<\/article>\n\t\t\t\t<article class=\"elementor-post elementor-grid-item post-2087 post type-post status-publish format-standard has-post-thumbnail hentry category-sin-categoria\" role=\"listitem\">\n\t\t\t<div class=\"elementor-post__card\">\n\t\t\t\t<a class=\"elementor-post__thumbnail__link\" href=\"https:\/\/importecnical.com\/sitio\/microscopia-en-laboratorio-guia-para-elegir-el-equipo-adecuado\/\" tabindex=\"-1\" ><div class=\"elementor-post__thumbnail\"><img decoding=\"async\" width=\"1200\" height=\"900\" src=\"https:\/\/importecnical.com\/sitio\/wp-content\/uploads\/2026\/03\/19_11zon.jpg\" class=\"attachment-full size-full wp-image-2088\" alt=\"\" srcset=\"https:\/\/importecnical.com\/sitio\/wp-content\/uploads\/2026\/03\/19_11zon.jpg 1200w, https:\/\/importecnical.com\/sitio\/wp-content\/uploads\/2026\/03\/19_11zon-300x225.jpg 300w, https:\/\/importecnical.com\/sitio\/wp-content\/uploads\/2026\/03\/19_11zon-1024x768.jpg 1024w, https:\/\/importecnical.com\/sitio\/wp-content\/uploads\/2026\/03\/19_11zon-768x576.jpg 768w\" sizes=\"(max-width: 1200px) 100vw, 1200px\" \/><\/div><\/a>\n\t\t\t\t<div class=\"elementor-post__text\">\n\t\t\t\t<h3 class=\"elementor-post__title\">\n\t\t\t<a href=\"https:\/\/importecnical.com\/sitio\/microscopia-en-laboratorio-guia-para-elegir-el-equipo-adecuado\/\" >\n\t\t\t\tMicroscop\u00eda en laboratorio: gu\u00eda para elegir el equipo adecuado\t\t\t<\/a>\n\t\t<\/h3>\n\t\t\t\t<div class=\"elementor-post__excerpt\">\n\t\t\t<p>Microscop\u00eda en laboratorio: c\u00f3mo elegir el microscopio adecuado para investigaci\u00f3n, docencia y cultivo celular Descubre c\u00f3mo elegir el microscopio adecuado para laboratorio. Gu\u00eda sobre microscop\u00eda en investigaci\u00f3n, docencia y cultivo<\/p>\n\t\t<\/div>\n\t\t\t\t\t<div class=\"elementor-post__read-more-wrapper\">\n\t\t\n\t\t<a class=\"elementor-post__read-more\" href=\"https:\/\/importecnical.com\/sitio\/microscopia-en-laboratorio-guia-para-elegir-el-equipo-adecuado\/\" aria-label=\"Read more about Microscop\u00eda en laboratorio: gu\u00eda para elegir el equipo adecuado\" tabindex=\"-1\" >\n\t\t\tVer m\u00e1s\t\t<\/a>\n\n\t\t\t\t\t<\/div>\n\t\t\t\t<\/div>\n\t\t\t\t<div class=\"elementor-post__meta-data\">\n\t\t\t\t\t<span class=\"elementor-post-date\">\n\t\t\t24 marzo, 2026\t\t<\/span>\n\t\t\t\t<\/div>\n\t\t\t\t\t<\/div>\n\t\t<\/article>\n\t\t\t\t<article class=\"elementor-post elementor-grid-item post-2053 post type-post status-publish format-standard has-post-thumbnail hentry category-sin-categoria\" role=\"listitem\">\n\t\t\t<div class=\"elementor-post__card\">\n\t\t\t\t<a class=\"elementor-post__thumbnail__link\" href=\"https:\/\/importecnical.com\/sitio\/centrifugas-de-laboratorio-por-que-definir-el-proceso-es-mas-importante-que-la-velocidad\/\" tabindex=\"-1\" ><div class=\"elementor-post__thumbnail\"><img decoding=\"async\" width=\"1200\" height=\"900\" src=\"https:\/\/importecnical.com\/sitio\/wp-content\/uploads\/2026\/02\/112_11zon.jpg\" class=\"attachment-full size-full wp-image-2056\" alt=\"\" srcset=\"https:\/\/importecnical.com\/sitio\/wp-content\/uploads\/2026\/02\/112_11zon.jpg 1200w, https:\/\/importecnical.com\/sitio\/wp-content\/uploads\/2026\/02\/112_11zon-300x225.jpg 300w, https:\/\/importecnical.com\/sitio\/wp-content\/uploads\/2026\/02\/112_11zon-1024x768.jpg 1024w, https:\/\/importecnical.com\/sitio\/wp-content\/uploads\/2026\/02\/112_11zon-768x576.jpg 768w\" sizes=\"(max-width: 1200px) 100vw, 1200px\" \/><\/div><\/a>\n\t\t\t\t<div class=\"elementor-post__text\">\n\t\t\t\t<h3 class=\"elementor-post__title\">\n\t\t\t<a href=\"https:\/\/importecnical.com\/sitio\/centrifugas-de-laboratorio-por-que-definir-el-proceso-es-mas-importante-que-la-velocidad\/\" >\n\t\t\t\tCentr\u00edfugas de laboratorio: por qu\u00e9 definir el proceso es m\u00e1s importante que la velocidad\t\t\t<\/a>\n\t\t<\/h3>\n\t\t\t\t<div class=\"elementor-post__excerpt\">\n\t\t\t<p>Centr\u00edfugas de laboratorio: c\u00f3mo elegir seg\u00fan el proceso |\u00a0Importecnical\u00a0 Descubre c\u00f3mo elegir la centr\u00edfuga correcta seg\u00fan tu proceso de laboratorio. RPM, RCF, rotores y seguridad explicados por expertos.\u00a0\u00a0 En muchos<\/p>\n\t\t<\/div>\n\t\t\t\t\t<div class=\"elementor-post__read-more-wrapper\">\n\t\t\n\t\t<a class=\"elementor-post__read-more\" href=\"https:\/\/importecnical.com\/sitio\/centrifugas-de-laboratorio-por-que-definir-el-proceso-es-mas-importante-que-la-velocidad\/\" aria-label=\"Read more about Centr\u00edfugas de laboratorio: por qu\u00e9 definir el proceso es m\u00e1s importante que la velocidad\" tabindex=\"-1\" >\n\t\t\tVer m\u00e1s\t\t<\/a>\n\n\t\t\t\t\t<\/div>\n\t\t\t\t<\/div>\n\t\t\t\t<div class=\"elementor-post__meta-data\">\n\t\t\t\t\t<span class=\"elementor-post-date\">\n\t\t\t13 febrero, 2026\t\t<\/span>\n\t\t\t\t<\/div>\n\t\t\t\t\t<\/div>\n\t\t<\/article>\n\t\t\t\t<article class=\"elementor-post elementor-grid-item post-2035 post type-post status-publish format-standard has-post-thumbnail hentry category-sin-categoria\" role=\"listitem\">\n\t\t\t<div class=\"elementor-post__card\">\n\t\t\t\t<a class=\"elementor-post__thumbnail__link\" href=\"https:\/\/importecnical.com\/sitio\/elegir-bien-una-maquina-de-ensayos-es-una-decision-tecnica\/\" tabindex=\"-1\" ><div class=\"elementor-post__thumbnail\"><img loading=\"lazy\" decoding=\"async\" width=\"1200\" height=\"900\" src=\"https:\/\/importecnical.com\/sitio\/wp-content\/uploads\/2026\/01\/BLOG-IMPORTECNICAL-ENERO-2026-03_11zon.jpg\" class=\"attachment-full size-full wp-image-2038\" alt=\"\" srcset=\"https:\/\/importecnical.com\/sitio\/wp-content\/uploads\/2026\/01\/BLOG-IMPORTECNICAL-ENERO-2026-03_11zon.jpg 1200w, https:\/\/importecnical.com\/sitio\/wp-content\/uploads\/2026\/01\/BLOG-IMPORTECNICAL-ENERO-2026-03_11zon-300x225.jpg 300w, https:\/\/importecnical.com\/sitio\/wp-content\/uploads\/2026\/01\/BLOG-IMPORTECNICAL-ENERO-2026-03_11zon-1024x768.jpg 1024w, https:\/\/importecnical.com\/sitio\/wp-content\/uploads\/2026\/01\/BLOG-IMPORTECNICAL-ENERO-2026-03_11zon-768x576.jpg 768w\" sizes=\"(max-width: 1200px) 100vw, 1200px\" \/><\/div><\/a>\n\t\t\t\t<div class=\"elementor-post__text\">\n\t\t\t\t<h3 class=\"elementor-post__title\">\n\t\t\t<a href=\"https:\/\/importecnical.com\/sitio\/elegir-bien-una-maquina-de-ensayos-es-una-decision-tecnica\/\" >\n\t\t\t\tElegir bien una m\u00e1quina de ensayos es una decisi\u00f3n t\u00e9cnica\t\t\t<\/a>\n\t\t<\/h3>\n\t\t\t\t<div class=\"elementor-post__excerpt\">\n\t\t\t<p>Elegir correctamente una m\u00e1quina universal de ensayos: una decisi\u00f3n t\u00e9cnica clave para tu laboratorio\u00a0 En los laboratorios de control de calidad, investigaci\u00f3n y docencia, la confiabilidad de los resultados depende<\/p>\n\t\t<\/div>\n\t\t\t\t\t<div class=\"elementor-post__read-more-wrapper\">\n\t\t\n\t\t<a class=\"elementor-post__read-more\" href=\"https:\/\/importecnical.com\/sitio\/elegir-bien-una-maquina-de-ensayos-es-una-decision-tecnica\/\" aria-label=\"Read more about Elegir bien una m\u00e1quina de ensayos es una decisi\u00f3n t\u00e9cnica\" tabindex=\"-1\" >\n\t\t\tVer m\u00e1s\t\t<\/a>\n\n\t\t\t\t\t<\/div>\n\t\t\t\t<\/div>\n\t\t\t\t<div class=\"elementor-post__meta-data\">\n\t\t\t\t\t<span class=\"elementor-post-date\">\n\t\t\t27 enero, 2026\t\t<\/span>\n\t\t\t\t<\/div>\n\t\t\t\t\t<\/div>\n\t\t<\/article>\n\t\t\t\t<article class=\"elementor-post elementor-grid-item post-2022 post type-post status-publish format-standard has-post-thumbnail hentry category-sin-categoria\" role=\"listitem\">\n\t\t\t<div class=\"elementor-post__card\">\n\t\t\t\t<a class=\"elementor-post__thumbnail__link\" href=\"https:\/\/importecnical.com\/sitio\/como-elegir-la-centrifuga-ideal-para-tu-laboratorio-guia-definitiva-ortoalresa\/\" tabindex=\"-1\" ><div class=\"elementor-post__thumbnail\"><img loading=\"lazy\" decoding=\"async\" width=\"2500\" height=\"1875\" src=\"https:\/\/importecnical.com\/sitio\/wp-content\/uploads\/2025\/12\/BLOG-IMPORTECNICAL-03_11zon.jpg\" class=\"attachment-full size-full wp-image-2024\" alt=\"\" srcset=\"https:\/\/importecnical.com\/sitio\/wp-content\/uploads\/2025\/12\/BLOG-IMPORTECNICAL-03_11zon.jpg 2500w, https:\/\/importecnical.com\/sitio\/wp-content\/uploads\/2025\/12\/BLOG-IMPORTECNICAL-03_11zon-300x225.jpg 300w, https:\/\/importecnical.com\/sitio\/wp-content\/uploads\/2025\/12\/BLOG-IMPORTECNICAL-03_11zon-1024x768.jpg 1024w, https:\/\/importecnical.com\/sitio\/wp-content\/uploads\/2025\/12\/BLOG-IMPORTECNICAL-03_11zon-768x576.jpg 768w, https:\/\/importecnical.com\/sitio\/wp-content\/uploads\/2025\/12\/BLOG-IMPORTECNICAL-03_11zon-1536x1152.jpg 1536w, https:\/\/importecnical.com\/sitio\/wp-content\/uploads\/2025\/12\/BLOG-IMPORTECNICAL-03_11zon-2048x1536.jpg 2048w\" sizes=\"(max-width: 2500px) 100vw, 2500px\" \/><\/div><\/a>\n\t\t\t\t<div class=\"elementor-post__text\">\n\t\t\t\t<h3 class=\"elementor-post__title\">\n\t\t\t<a href=\"https:\/\/importecnical.com\/sitio\/como-elegir-la-centrifuga-ideal-para-tu-laboratorio-guia-definitiva-ortoalresa\/\" >\n\t\t\t\tC\u00f3mo elegir la centr\u00edfuga ideal para tu laboratorio: Gu\u00eda definitiva\u00a0Ortoalresa\t\t\t<\/a>\n\t\t<\/h3>\n\t\t\t\t<div class=\"elementor-post__excerpt\">\n\t\t\t<p>Tecnolog\u00eda europea, rendimiento superior y soporte colombiano para laboratorios que exigen precisi\u00f3n.\u00a0 En un laboratorio moderno, la centr\u00edfuga es uno de los equipos\u00a0m\u00e1s utilizados y m\u00e1s determinantes\u00a0en la calidad de<\/p>\n\t\t<\/div>\n\t\t\t\t\t<div class=\"elementor-post__read-more-wrapper\">\n\t\t\n\t\t<a class=\"elementor-post__read-more\" href=\"https:\/\/importecnical.com\/sitio\/como-elegir-la-centrifuga-ideal-para-tu-laboratorio-guia-definitiva-ortoalresa\/\" aria-label=\"Read more about C\u00f3mo elegir la centr\u00edfuga ideal para tu laboratorio: Gu\u00eda definitiva\u00a0Ortoalresa\" tabindex=\"-1\" >\n\t\t\tVer m\u00e1s\t\t<\/a>\n\n\t\t\t\t\t<\/div>\n\t\t\t\t<\/div>\n\t\t\t\t<div class=\"elementor-post__meta-data\">\n\t\t\t\t\t<span class=\"elementor-post-date\">\n\t\t\t22 diciembre, 2025\t\t<\/span>\n\t\t\t\t<\/div>\n\t\t\t\t\t<\/div>\n\t\t<\/article>\n\t\t\t\t<article class=\"elementor-post elementor-grid-item post-1906 post type-post status-publish format-standard has-post-thumbnail hentry category-sin-categoria\" role=\"listitem\">\n\t\t\t<div class=\"elementor-post__card\">\n\t\t\t\t<a class=\"elementor-post__thumbnail__link\" href=\"https:\/\/importecnical.com\/sitio\/maquinas-universales-de-ensayo-shimadzu-precision-japonesa-con-respaldo-colombiano\/\" tabindex=\"-1\" ><div class=\"elementor-post__thumbnail\"><img loading=\"lazy\" decoding=\"async\" width=\"1200\" height=\"900\" src=\"https:\/\/importecnical.com\/sitio\/wp-content\/uploads\/2025\/11\/SEMANA-2-IMPORTECNICAL-NOV_BANNERS-11.jpg\" class=\"attachment-full size-full wp-image-1908\" alt=\"\" srcset=\"https:\/\/importecnical.com\/sitio\/wp-content\/uploads\/2025\/11\/SEMANA-2-IMPORTECNICAL-NOV_BANNERS-11.jpg 1200w, https:\/\/importecnical.com\/sitio\/wp-content\/uploads\/2025\/11\/SEMANA-2-IMPORTECNICAL-NOV_BANNERS-11-300x225.jpg 300w, https:\/\/importecnical.com\/sitio\/wp-content\/uploads\/2025\/11\/SEMANA-2-IMPORTECNICAL-NOV_BANNERS-11-1024x768.jpg 1024w, https:\/\/importecnical.com\/sitio\/wp-content\/uploads\/2025\/11\/SEMANA-2-IMPORTECNICAL-NOV_BANNERS-11-768x576.jpg 768w\" sizes=\"(max-width: 1200px) 100vw, 1200px\" \/><\/div><\/a>\n\t\t\t\t<div class=\"elementor-post__text\">\n\t\t\t\t<h3 class=\"elementor-post__title\">\n\t\t\t<a href=\"https:\/\/importecnical.com\/sitio\/maquinas-universales-de-ensayo-shimadzu-precision-japonesa-con-respaldo-colombiano\/\" >\n\t\t\t\tM\u00e1quinas Universales de Ensayo\u00a0Shimadzu: precisi\u00f3n japonesa con respaldo colombiano\t\t\t<\/a>\n\t\t<\/h3>\n\t\t\t\t<div class=\"elementor-post__excerpt\">\n\t\t\t<p>En los laboratorios de control de calidad, universidades e industrias, los ensayos de tracci\u00f3n, compresi\u00f3n y flexi\u00f3n son esenciales para garantizar la confiabilidad de los materiales y procesos productivos.\u00a0Por eso,<\/p>\n\t\t<\/div>\n\t\t\t\t\t<div class=\"elementor-post__read-more-wrapper\">\n\t\t\n\t\t<a class=\"elementor-post__read-more\" href=\"https:\/\/importecnical.com\/sitio\/maquinas-universales-de-ensayo-shimadzu-precision-japonesa-con-respaldo-colombiano\/\" aria-label=\"Read more about M\u00e1quinas Universales de Ensayo\u00a0Shimadzu: precisi\u00f3n japonesa con respaldo colombiano\" tabindex=\"-1\" >\n\t\t\tVer m\u00e1s\t\t<\/a>\n\n\t\t\t\t\t<\/div>\n\t\t\t\t<\/div>\n\t\t\t\t<div class=\"elementor-post__meta-data\">\n\t\t\t\t\t<span class=\"elementor-post-date\">\n\t\t\t7 noviembre, 2025\t\t<\/span>\n\t\t\t\t<\/div>\n\t\t\t\t\t<\/div>\n\t\t<\/article>\n\t\t\t\t<\/div>\n\t\t\n\t\t\t\t\t\t<\/div>\n\t\t\t\t<\/div>\n\t\t\t\t\t<\/div>\n\t\t\t\t<\/div>\n\t\t\t\t<\/div>\n\t\t","protected":false},"excerpt":{"rendered":"<p>BLOG<\/p>\n","protected":false},"author":1,"featured_media":0,"parent":0,"menu_order":0,"comment_status":"closed","ping_status":"closed","template":"","meta":{"_acf_changed":false,"footnotes":""},"class_list":["post-1811","page","type-page","status-publish","hentry"],"acf":[],"yoast_head":"<!-- This site is optimized with the Yoast SEO plugin v27.5 - https:\/\/yoast.com\/product\/yoast-seo-wordpress\/ -->\n<title>BLOG - Importecnical<\/title>\n<meta name=\"robots\" content=\"index, follow, max-snippet:-1, max-image-preview:large, max-video-preview:-1\" \/>\n<link rel=\"canonical\" href=\"https:\/\/importecnical.com\/sitio\/blog\/\" \/>\n<meta property=\"og:locale\" content=\"es_ES\" \/>\n<meta property=\"og:type\" content=\"article\" \/>\n<meta property=\"og:title\" content=\"BLOG - Importecnical\" \/>\n<meta property=\"og:description\" content=\"BLOG\" \/>\n<meta property=\"og:url\" content=\"https:\/\/importecnical.com\/sitio\/blog\/\" \/>\n<meta property=\"og:site_name\" content=\"Importecnical\" \/>\n<meta property=\"article:publisher\" content=\"https:\/\/www.facebook.com\/people\/Importecnical-sas\/100092873514909\/?mibextid=LQQJ4d&amp;rdid=ucAXnCcRM4B2ShIO&amp;share_url=httpswww.facebook.comshareEtUL38ycHzRkicDumibextidLQQJ4d\" \/>\n<meta property=\"article:modified_time\" content=\"2025-11-07T22:51:31+00:00\" \/>\n<meta name=\"twitter:card\" content=\"summary_large_image\" \/>\n<meta name=\"twitter:label1\" content=\"Tiempo de lectura\" \/>\n\t<meta name=\"twitter:data1\" content=\"4 minutos\" \/>\n<script type=\"application\/ld+json\" class=\"yoast-schema-graph\">{\"@context\":\"https:\\\/\\\/schema.org\",\"@graph\":[{\"@type\":\"WebPage\",\"@id\":\"https:\\\/\\\/importecnical.com\\\/sitio\\\/blog\\\/\",\"url\":\"https:\\\/\\\/importecnical.com\\\/sitio\\\/blog\\\/\",\"name\":\"BLOG - Importecnical\",\"isPartOf\":{\"@id\":\"https:\\\/\\\/importecnical.com\\\/sitio\\\/#website\"},\"datePublished\":\"2025-10-22T16:06:42+00:00\",\"dateModified\":\"2025-11-07T22:51:31+00:00\",\"breadcrumb\":{\"@id\":\"https:\\\/\\\/importecnical.com\\\/sitio\\\/blog\\\/#breadcrumb\"},\"inLanguage\":\"es-CO\",\"potentialAction\":[{\"@type\":\"ReadAction\",\"target\":[\"https:\\\/\\\/importecnical.com\\\/sitio\\\/blog\\\/\"]}]},{\"@type\":\"BreadcrumbList\",\"@id\":\"https:\\\/\\\/importecnical.com\\\/sitio\\\/blog\\\/#breadcrumb\",\"itemListElement\":[{\"@type\":\"ListItem\",\"position\":1,\"name\":\"Inicio\",\"item\":\"https:\\\/\\\/importecnical.com\\\/sitio\\\/\"},{\"@type\":\"ListItem\",\"position\":2,\"name\":\"BLOG\"}]},{\"@type\":\"WebSite\",\"@id\":\"https:\\\/\\\/importecnical.com\\\/sitio\\\/#website\",\"url\":\"https:\\\/\\\/importecnical.com\\\/sitio\\\/\",\"name\":\"Importecnical\",\"description\":\"\",\"publisher\":{\"@id\":\"https:\\\/\\\/importecnical.com\\\/sitio\\\/#organization\"},\"potentialAction\":[{\"@type\":\"SearchAction\",\"target\":{\"@type\":\"EntryPoint\",\"urlTemplate\":\"https:\\\/\\\/importecnical.com\\\/sitio\\\/?s={search_term_string}\"},\"query-input\":{\"@type\":\"PropertyValueSpecification\",\"valueRequired\":true,\"valueName\":\"search_term_string\"}}],\"inLanguage\":\"es-CO\"},{\"@type\":\"Organization\",\"@id\":\"https:\\\/\\\/importecnical.com\\\/sitio\\\/#organization\",\"name\":\"Importecnical\",\"url\":\"https:\\\/\\\/importecnical.com\\\/sitio\\\/\",\"logo\":{\"@type\":\"ImageObject\",\"inLanguage\":\"es-CO\",\"@id\":\"https:\\\/\\\/importecnical.com\\\/sitio\\\/#\\\/schema\\\/logo\\\/image\\\/\",\"url\":\"https:\\\/\\\/importecnical.com\\\/sitio\\\/wp-content\\\/uploads\\\/2025\\\/01\\\/Flaticon-1.png\",\"contentUrl\":\"https:\\\/\\\/importecnical.com\\\/sitio\\\/wp-content\\\/uploads\\\/2025\\\/01\\\/Flaticon-1.png\",\"width\":513,\"height\":513,\"caption\":\"Importecnical\"},\"image\":{\"@id\":\"https:\\\/\\\/importecnical.com\\\/sitio\\\/#\\\/schema\\\/logo\\\/image\\\/\"},\"sameAs\":[\"https:\\\/\\\/www.facebook.com\\\/people\\\/Importecnical-sas\\\/100092873514909\\\/?mibextid=LQQJ4d&rdid=ucAXnCcRM4B2ShIO&share_url=httpswww.facebook.comshareEtUL38ycHzRkicDumibextidLQQJ4d\",\"https:\\\/\\\/www.instagram.com\\\/importecnical.sas\\\/?igsh=MW0yM2xhZzNhNzR4#\",\"https:\\\/\\\/co.linkedin.com\\\/company\\\/importecnical-s-a-s\"]}]}<\/script>\n<!-- \/ Yoast SEO plugin. -->","yoast_head_json":{"title":"BLOG - Importecnical","robots":{"index":"index","follow":"follow","max-snippet":"max-snippet:-1","max-image-preview":"max-image-preview:large","max-video-preview":"max-video-preview:-1"},"canonical":"https:\/\/importecnical.com\/sitio\/blog\/","og_locale":"es_ES","og_type":"article","og_title":"BLOG - Importecnical","og_description":"BLOG","og_url":"https:\/\/importecnical.com\/sitio\/blog\/","og_site_name":"Importecnical","article_publisher":"https:\/\/www.facebook.com\/people\/Importecnical-sas\/100092873514909\/?mibextid=LQQJ4d&rdid=ucAXnCcRM4B2ShIO&share_url=httpswww.facebook.comshareEtUL38ycHzRkicDumibextidLQQJ4d","article_modified_time":"2025-11-07T22:51:31+00:00","twitter_card":"summary_large_image","twitter_misc":{"Tiempo de lectura":"4 minutos"},"schema":{"@context":"https:\/\/schema.org","@graph":[{"@type":"WebPage","@id":"https:\/\/importecnical.com\/sitio\/blog\/","url":"https:\/\/importecnical.com\/sitio\/blog\/","name":"BLOG - Importecnical","isPartOf":{"@id":"https:\/\/importecnical.com\/sitio\/#website"},"datePublished":"2025-10-22T16:06:42+00:00","dateModified":"2025-11-07T22:51:31+00:00","breadcrumb":{"@id":"https:\/\/importecnical.com\/sitio\/blog\/#breadcrumb"},"inLanguage":"es-CO","potentialAction":[{"@type":"ReadAction","target":["https:\/\/importecnical.com\/sitio\/blog\/"]}]},{"@type":"BreadcrumbList","@id":"https:\/\/importecnical.com\/sitio\/blog\/#breadcrumb","itemListElement":[{"@type":"ListItem","position":1,"name":"Inicio","item":"https:\/\/importecnical.com\/sitio\/"},{"@type":"ListItem","position":2,"name":"BLOG"}]},{"@type":"WebSite","@id":"https:\/\/importecnical.com\/sitio\/#website","url":"https:\/\/importecnical.com\/sitio\/","name":"Importecnical","description":"","publisher":{"@id":"https:\/\/importecnical.com\/sitio\/#organization"},"potentialAction":[{"@type":"SearchAction","target":{"@type":"EntryPoint","urlTemplate":"https:\/\/importecnical.com\/sitio\/?s={search_term_string}"},"query-input":{"@type":"PropertyValueSpecification","valueRequired":true,"valueName":"search_term_string"}}],"inLanguage":"es-CO"},{"@type":"Organization","@id":"https:\/\/importecnical.com\/sitio\/#organization","name":"Importecnical","url":"https:\/\/importecnical.com\/sitio\/","logo":{"@type":"ImageObject","inLanguage":"es-CO","@id":"https:\/\/importecnical.com\/sitio\/#\/schema\/logo\/image\/","url":"https:\/\/importecnical.com\/sitio\/wp-content\/uploads\/2025\/01\/Flaticon-1.png","contentUrl":"https:\/\/importecnical.com\/sitio\/wp-content\/uploads\/2025\/01\/Flaticon-1.png","width":513,"height":513,"caption":"Importecnical"},"image":{"@id":"https:\/\/importecnical.com\/sitio\/#\/schema\/logo\/image\/"},"sameAs":["https:\/\/www.facebook.com\/people\/Importecnical-sas\/100092873514909\/?mibextid=LQQJ4d&rdid=ucAXnCcRM4B2ShIO&share_url=httpswww.facebook.comshareEtUL38ycHzRkicDumibextidLQQJ4d","https:\/\/www.instagram.com\/importecnical.sas\/?igsh=MW0yM2xhZzNhNzR4#","https:\/\/co.linkedin.com\/company\/importecnical-s-a-s"]}]}},"_links":{"self":[{"href":"https:\/\/importecnical.com\/sitio\/wp-json\/wp\/v2\/pages\/1811","targetHints":{"allow":["GET"]}}],"collection":[{"href":"https:\/\/importecnical.com\/sitio\/wp-json\/wp\/v2\/pages"}],"about":[{"href":"https:\/\/importecnical.com\/sitio\/wp-json\/wp\/v2\/types\/page"}],"author":[{"embeddable":true,"href":"https:\/\/importecnical.com\/sitio\/wp-json\/wp\/v2\/users\/1"}],"replies":[{"embeddable":true,"href":"https:\/\/importecnical.com\/sitio\/wp-json\/wp\/v2\/comments?post=1811"}],"version-history":[{"count":20,"href":"https:\/\/importecnical.com\/sitio\/wp-json\/wp\/v2\/pages\/1811\/revisions"}],"predecessor-version":[{"id":1920,"href":"https:\/\/importecnical.com\/sitio\/wp-json\/wp\/v2\/pages\/1811\/revisions\/1920"}],"wp:attachment":[{"href":"https:\/\/importecnical.com\/sitio\/wp-json\/wp\/v2\/media?parent=1811"}],"curies":[{"name":"wp","href":"https:\/\/api.w.org\/{rel}","templated":true}]}}